{"id":3309,"date":"2019-01-13T17:45:04","date_gmt":"2019-01-13T17:45:04","guid":{"rendered":"http:\/\/www.webspararestaurantes.com\/?page_id=3309"},"modified":"2019-04-21T21:22:02","modified_gmt":"2019-04-21T21:22:02","slug":"aviso-legal","status":"publish","type":"page","link":"https:\/\/www.webspararestaurantes.com\/en\/aviso-legal\/","title":{"rendered":"Legal warning"},"content":{"rendered":"<div id='av_section_1'  class='avia-section av-21nqnu-63c875026b84a29c2bb78b936a4bff07 main_color avia-section-large avia-no-border-styling  avia-builder-el-0  avia-builder-el-no-sibling  avia-bg-style-scroll container_wrap sidebar_right'  ><div class='container av-section-cont-open' ><main  role=\"main\" itemprop=\"mainContentOfPage\"  class='template-page content  av-content-small alpha units'><div class='post-entry post-entry-type-page post-entry-3309'><div class='entry-content-wrapper clearfix'>\n\n<style type=\"text\/css\" data-created_by=\"avia_inline_auto\" id=\"style-css-av-av_heading-274b83cc4d7e2bd53cddad62fc445bd6\">\n#top .av-special-heading.av-av_heading-274b83cc4d7e2bd53cddad62fc445bd6{\npadding-bottom:20px;\nfont-size:40px;\n}\nbody .av-special-heading.av-av_heading-274b83cc4d7e2bd53cddad62fc445bd6 .av-special-heading-tag .heading-char{\nfont-size:25px;\n}\n#top #wrap_all .av-special-heading.av-av_heading-274b83cc4d7e2bd53cddad62fc445bd6 .av-special-heading-tag{\nfont-size:40px;\n}\n.av-special-heading.av-av_heading-274b83cc4d7e2bd53cddad62fc445bd6 .av-subheading{\nfont-size:15px;\n}\n<\/style>\n<div  class='av-special-heading av-av_heading-274b83cc4d7e2bd53cddad62fc445bd6 av-special-heading-h2 blockquote modern-quote  avia-builder-el-1  el_before_av_hr  avia-builder-el-first  av-inherit-size'><h2 class='av-special-heading-tag'  itemprop=\"headline\"  >Legal Warning<\/h2><div class=\"special-heading-border\"><div class=\"special-heading-inner-border\"><\/div><\/div><\/div>\n\n<style type=\"text\/css\" data-created_by=\"avia_inline_auto\" id=\"style-css-av-1oufeq-858aea5a12bfbfb0ed186f4bc92f3a2a\">\n#top .hr.av-1oufeq-858aea5a12bfbfb0ed186f4bc92f3a2a{\nmargin-top:10px;\nmargin-bottom:10px;\n}\n.hr.av-1oufeq-858aea5a12bfbfb0ed186f4bc92f3a2a .hr-inner{\nwidth:50px;\nborder-color:#000000;\n}\n<\/style>\n<div  class='hr av-1oufeq-858aea5a12bfbfb0ed186f4bc92f3a2a hr-custom  avia-builder-el-2  el_after_av_heading  el_before_av_one_full  hr-left hr-icon-no'><span class='hr-inner inner-border-av-border-fat'><span class=\"hr-inner-style\"><\/span><\/span><\/div>\n\n<style type=\"text\/css\" data-created_by=\"avia_inline_auto\" id=\"style-css-av-1kmhi2-3dee6441f4c6b1230fbbba599f0c5b90\">\n.flex_column.av-1kmhi2-3dee6441f4c6b1230fbbba599f0c5b90{\nborder-radius:0px 0px 0px 0px;\n-webkit-border-radius:0px 0px 0px 0px;\n-moz-border-radius:0px 0px 0px 0px;\n}\n<\/style>\n<div class='flex_column av-1kmhi2-3dee6441f4c6b1230fbbba599f0c5b90 av_one_full  avia-builder-el-3  el_after_av_hr  el_before_av_one_full  first flex_column_div av-zero-column-padding'   ><section  class='av_textblock_section av-1cb7ky-78442a74c1d024df791534d1224b49d0'  itemscope=\"itemscope\" itemtype=\"https:\/\/schema.org\/CreativeWork\" ><div class='avia_textblock'  itemprop=\"text\" ><p><span style=\"color: #333333;\">1. The intellectual property rights of the web www.webspararestaurantes.com, its source code, design, navigation structure, databases and the different elements contained therein are owned by Jorge Villegas \u00c1lvarez, who has the exclusive exercise of rights. of exploitation of the same in any form and, especially, the rights of reproduction, distribution, public communication and transformation.<\/span><\/p>\n<\/div><\/section><\/div>\n<style type=\"text\/css\" data-created_by=\"avia_inline_auto\" id=\"style-css-av-1kmhi2-3dee6441f4c6b1230fbbba599f0c5b90\">\n.flex_column.av-1kmhi2-3dee6441f4c6b1230fbbba599f0c5b90{\nborder-radius:0px 0px 0px 0px;\n-webkit-border-radius:0px 0px 0px 0px;\n-moz-border-radius:0px 0px 0px 0px;\n}\n<\/style>\n<div class='flex_column av-1kmhi2-3dee6441f4c6b1230fbbba599f0c5b90 av_one_full  avia-builder-el-5  el_after_av_one_full  el_before_av_one_full  first flex_column_div av-zero-column-padding column-top-margin'   ><section  class='av_textblock_section av-1cb7ky-78442a74c1d024df791534d1224b49d0'  itemscope=\"itemscope\" itemtype=\"https:\/\/schema.org\/CreativeWork\" ><div class='avia_textblock'  itemprop=\"text\" ><p><span style=\"color: #333333;\">2. Viewing, printing and partial downloading of the content of the website is authorized only and exclusively if the following conditions are met:<\/span><\/p>\n<p><span style=\"color: #333333;\">That it is compatible with the purposes of the web www.webspararestaurantes.com<\/span><\/p>\n<p><span style=\"color: #333333;\">That it is done with the exclusive aim of obtaining the information contained for personal and private use. Its use for commercial purposes or for its distribution, public communication, transformation or decompilation is expressly prohibited.<\/span><\/p>\n<p><span style=\"color: #333333;\">That none of the content related to this website be modified in any way.<\/span><\/p>\n<p><span style=\"color: #333333;\">That no graphic, icon or image available on this website be used, copied or distributed separately from the text or other images that accompany it.<\/span><\/p>\n<\/div><\/section><\/div>\n<style type=\"text\/css\" data-created_by=\"avia_inline_auto\" id=\"style-css-av-1kmhi2-3dee6441f4c6b1230fbbba599f0c5b90\">\n.flex_column.av-1kmhi2-3dee6441f4c6b1230fbbba599f0c5b90{\nborder-radius:0px 0px 0px 0px;\n-webkit-border-radius:0px 0px 0px 0px;\n-moz-border-radius:0px 0px 0px 0px;\n}\n<\/style>\n<div class='flex_column av-1kmhi2-3dee6441f4c6b1230fbbba599f0c5b90 av_one_full  avia-builder-el-7  el_after_av_one_full  el_before_av_one_full  first flex_column_div av-zero-column-padding column-top-margin'   ><section  class='av_textblock_section av-1cb7ky-78442a74c1d024df791534d1224b49d0'  itemscope=\"itemscope\" itemtype=\"https:\/\/schema.org\/CreativeWork\" ><div class='avia_textblock'  itemprop=\"text\" ><p><span style=\"color: #333333;\">3. Jorge Villegas \u00c1lvarez reserves the right to make, at any time and without prior notice, modifications and updates to the information contained on its website, its configuration and presentation, and the access conditions.<\/span><\/p>\n<p><span style=\"color: #333333;\">\u00a0<\/span><\/p>\n<\/div><\/section><\/div>\n<style type=\"text\/css\" data-created_by=\"avia_inline_auto\" id=\"style-css-av-1kmhi2-3dee6441f4c6b1230fbbba599f0c5b90\">\n.flex_column.av-1kmhi2-3dee6441f4c6b1230fbbba599f0c5b90{\nborder-radius:0px 0px 0px 0px;\n-webkit-border-radius:0px 0px 0px 0px;\n-moz-border-radius:0px 0px 0px 0px;\n}\n<\/style>\n<div class='flex_column av-1kmhi2-3dee6441f4c6b1230fbbba599f0c5b90 av_one_full  avia-builder-el-9  el_after_av_one_full  el_before_av_one_full  first flex_column_div av-zero-column-padding column-top-margin'   ><section  class='av_textblock_section av-1cb7ky-78442a74c1d024df791534d1224b49d0'  itemscope=\"itemscope\" itemtype=\"https:\/\/schema.org\/CreativeWork\" ><div class='avia_textblock'  itemprop=\"text\" ><p><span style=\"color: #333333;\">4. Jorge Villegas \u00c1lvarez does not guarantee the absence of interruptions or errors in accessing the web, in its content, nor that it is updated, although he will make his best efforts to, where appropriate, avoid, correct or update them.<br \/>\n<\/span><\/p>\n<p><span style=\"color: #333333;\">\u00a0<\/span><\/p>\n<\/div><\/section><\/div>\n<style type=\"text\/css\" data-created_by=\"avia_inline_auto\" id=\"style-css-av-1kmhi2-3dee6441f4c6b1230fbbba599f0c5b90\">\n.flex_column.av-1kmhi2-3dee6441f4c6b1230fbbba599f0c5b90{\nborder-radius:0px 0px 0px 0px;\n-webkit-border-radius:0px 0px 0px 0px;\n-moz-border-radius:0px 0px 0px 0px;\n}\n<\/style>\n<div class='flex_column av-1kmhi2-3dee6441f4c6b1230fbbba599f0c5b90 av_one_full  avia-builder-el-11  el_after_av_one_full  el_before_av_one_full  first flex_column_div av-zero-column-padding column-top-margin'   ><section  class='av_textblock_section av-1cb7ky-78442a74c1d024df791534d1224b49d0'  itemscope=\"itemscope\" itemtype=\"https:\/\/schema.org\/CreativeWork\" ><div class='avia_textblock'  itemprop=\"text\" ><p><span style=\"color: #333333;\">785 \/ 5000\nResultados de traducci\u00f3n\n5. Both access to this website and the use that may be made of the information contained therein is the sole responsibility of the person who performs it. Jorge Villegas \u00c1lvarez will not be liable for any consequence, damage or harm that may arise from said access or use of the information. Jorge Villegas \u00c1lvarez is not responsible for possible security errors that may occur or for possible damages that may be caused to the user's computer system (hardware and software), the files or documents stored therein, as a result of the presence of viruses in the user's computer used to connect to the services and contents of the web, of a malfunction of the browser or the use of non-updated versions of it.<br \/>\n<\/span><\/p>\n<p><span style=\"color: #333333;\">\u00a0<\/span><\/p>\n<\/div><\/section><\/div>\n<style type=\"text\/css\" data-created_by=\"avia_inline_auto\" id=\"style-css-av-1kmhi2-3dee6441f4c6b1230fbbba599f0c5b90\">\n.flex_column.av-1kmhi2-3dee6441f4c6b1230fbbba599f0c5b90{\nborder-radius:0px 0px 0px 0px;\n-webkit-border-radius:0px 0px 0px 0px;\n-moz-border-radius:0px 0px 0px 0px;\n}\n<\/style>\n<div class='flex_column av-1kmhi2-3dee6441f4c6b1230fbbba599f0c5b90 av_one_full  avia-builder-el-13  el_after_av_one_full  el_before_av_one_full  first flex_column_div av-zero-column-padding column-top-margin'   ><section  class='av_textblock_section av-1cb7ky-78442a74c1d024df791534d1224b49d0'  itemscope=\"itemscope\" itemtype=\"https:\/\/schema.org\/CreativeWork\" ><div class='avia_textblock'  itemprop=\"text\" ><p><span style=\"color: #333333;\">6. Jorge Villegas \u00c1lvarez is the owner of the industrial property rights related to his products and services. Regarding the appointments of products and services of third parties, Jorge Villegas \u00c1lvarez recognizes in favor of their owners the corresponding industrial and intellectual property rights, their mere mention or appearance on the web does not imply the existence of any rights or responsibility of Jorge Villegas \u00c1lvarez regarding The same, as well as endorsement, sponsorship, recommendation by Jorge Villegas \u00c1lvarez Likewise, all trade names, trademarks or distinctive signs of any kind contained in the Jorge Villegas \u00c1lvarez website are protected by Law.<br \/>\n<\/span><\/p>\n<p><span style=\"color: #333333;\">\u00a0<\/span><\/p>\n<\/div><\/section><\/div>\n<style type=\"text\/css\" data-created_by=\"avia_inline_auto\" id=\"style-css-av-1kmhi2-3dee6441f4c6b1230fbbba599f0c5b90\">\n.flex_column.av-1kmhi2-3dee6441f4c6b1230fbbba599f0c5b90{\nborder-radius:0px 0px 0px 0px;\n-webkit-border-radius:0px 0px 0px 0px;\n-moz-border-radius:0px 0px 0px 0px;\n}\n<\/style>\n<div class='flex_column av-1kmhi2-3dee6441f4c6b1230fbbba599f0c5b90 av_one_full  avia-builder-el-15  el_after_av_one_full  el_before_av_one_full  first flex_column_div av-zero-column-padding column-top-margin'   ><section  class='av_textblock_section av-1cb7ky-78442a74c1d024df791534d1224b49d0'  itemscope=\"itemscope\" itemtype=\"https:\/\/schema.org\/CreativeWork\" ><div class='avia_textblock'  itemprop=\"text\" ><p><span style=\"color: #333333;\">7. The unauthorized use of the information contained in this website, its resale, as well as the infringement of the Intellectual or Industrial Property rights of Jorge Villegas \u00c1lvarez, will give rise to the legally established responsibilities.<br \/>\n<\/span><\/p>\n<\/div><\/section><\/div>\n<style type=\"text\/css\" data-created_by=\"avia_inline_auto\" id=\"style-css-av-1kmhi2-3dee6441f4c6b1230fbbba599f0c5b90\">\n.flex_column.av-1kmhi2-3dee6441f4c6b1230fbbba599f0c5b90{\nborder-radius:0px 0px 0px 0px;\n-webkit-border-radius:0px 0px 0px 0px;\n-moz-border-radius:0px 0px 0px 0px;\n}\n<\/style>\n<div class='flex_column av-1kmhi2-3dee6441f4c6b1230fbbba599f0c5b90 av_one_full  avia-builder-el-17  el_after_av_one_full  el_before_av_one_full  first flex_column_div av-zero-column-padding column-top-margin'   ><section  class='av_textblock_section av-1cb7ky-78442a74c1d024df791534d1224b49d0'  itemscope=\"itemscope\" itemtype=\"https:\/\/schema.org\/CreativeWork\" ><div class='avia_textblock'  itemprop=\"text\" ><p><span style=\"color: #333333;\">8. The personal data that the client provides to Jorge Villegas \u00c1lvarez will be used only for the preparation of budgets and these will be deleted after 15 days. In no case are these data incorporated into any database or transferred to third companies.<br \/>\n<\/span><\/p>\n<\/div><\/section><\/div>\n<style type=\"text\/css\" data-created_by=\"avia_inline_auto\" id=\"style-css-av-1kmhi2-3dee6441f4c6b1230fbbba599f0c5b90\">\n.flex_column.av-1kmhi2-3dee6441f4c6b1230fbbba599f0c5b90{\nborder-radius:0px 0px 0px 0px;\n-webkit-border-radius:0px 0px 0px 0px;\n-moz-border-radius:0px 0px 0px 0px;\n}\n<\/style>\n<div class='flex_column av-1kmhi2-3dee6441f4c6b1230fbbba599f0c5b90 av_one_full  avia-builder-el-19  el_after_av_one_full  avia-builder-el-last  first flex_column_div av-zero-column-padding column-top-margin'   ><section  class='av_textblock_section av-1cb7ky-78442a74c1d024df791534d1224b49d0'  itemscope=\"itemscope\" itemtype=\"https:\/\/schema.org\/CreativeWork\" ><div class='avia_textblock'  itemprop=\"text\" ><p><span style=\"color: #333333;\">9. The images used in www.webspararestaurantes.com are original or do not have copyright. In the event that any of them violate these rights, indicate it to contacto@webspararestaurantes.com and we will remove it from the web.<br \/>\n<\/span><\/p>\n<\/div><\/section><\/div><\/div><\/div><\/main><!-- close content main element --><\/div><\/div><div id='after_section_1'  class='main_color av_default_container_wrap container_wrap sidebar_right'  ><div class='container av-section-cont-open' ><div class='template-page content  av-content-small alpha units'><div class='post-entry post-entry-type-page post-entry-3309'><div class='entry-content-wrapper clearfix'>","protected":false},"excerpt":{"rendered":"","protected":false},"author":1,"featured_media":0,"parent":0,"menu_order":0,"comment_status":"closed","ping_status":"closed","template":"","meta":{"footnotes":""},"class_list":["post-3309","page","type-page","status-publish","hentry"],"yoast_head":"<!-- This site is optimized with the Yoast SEO plugin v26.7 - https:\/\/yoast.com\/wordpress\/plugins\/seo\/ -->\n<title>Aviso legal - Webs para restaurantes | By Netplan<\/title>\n<meta name=\"robots\" content=\"index, follow, max-snippet:-1, max-image-preview:large, max-video-preview:-1\" \/>\n<link rel=\"canonical\" href=\"https:\/\/www.webspararestaurantes.com\/en\/aviso-legal\/\" \/>\n<meta property=\"og:locale\" content=\"en_US\" \/>\n<meta property=\"og:type\" content=\"article\" \/>\n<meta property=\"og:title\" content=\"Aviso legal - Webs para restaurantes | By Netplan\" \/>\n<meta property=\"og:url\" content=\"https:\/\/www.webspararestaurantes.com\/en\/aviso-legal\/\" \/>\n<meta property=\"og:site_name\" content=\"Webs para restaurantes | By Netplan\" \/>\n<meta property=\"article:publisher\" content=\"https:\/\/www.facebook.com\/Webs-para-Restaurantes-626623904428507\/\" \/>\n<meta property=\"article:modified_time\" content=\"2019-04-21T21:22:02+00:00\" \/>\n<meta name=\"twitter:card\" content=\"summary_large_image\" \/>\n<meta name=\"twitter:label1\" content=\"Est. reading time\" \/>\n\t<meta name=\"twitter:data1\" content=\"8 minutes\" \/>\n<script type=\"application\/ld+json\" class=\"yoast-schema-graph\">{\"@context\":\"https:\/\/schema.org\",\"@graph\":[{\"@type\":\"WebPage\",\"@id\":\"https:\/\/www.webspararestaurantes.com\/aviso-legal\/\",\"url\":\"https:\/\/www.webspararestaurantes.com\/aviso-legal\/\",\"name\":\"Aviso legal - Webs para restaurantes | By Netplan\",\"isPartOf\":{\"@id\":\"https:\/\/www.webspararestaurantes.com\/#website\"},\"datePublished\":\"2019-01-13T17:45:04+00:00\",\"dateModified\":\"2019-04-21T21:22:02+00:00\",\"breadcrumb\":{\"@id\":\"https:\/\/www.webspararestaurantes.com\/aviso-legal\/#breadcrumb\"},\"inLanguage\":\"en-US\",\"potentialAction\":[{\"@type\":\"ReadAction\",\"target\":[\"https:\/\/www.webspararestaurantes.com\/aviso-legal\/\"]}]},{\"@type\":\"BreadcrumbList\",\"@id\":\"https:\/\/www.webspararestaurantes.com\/aviso-legal\/#breadcrumb\",\"itemListElement\":[{\"@type\":\"ListItem\",\"position\":1,\"name\":\"Portada\",\"item\":\"https:\/\/www.webspararestaurantes.com\/\"},{\"@type\":\"ListItem\",\"position\":2,\"name\":\"Aviso legal\"}]},{\"@type\":\"WebSite\",\"@id\":\"https:\/\/www.webspararestaurantes.com\/#website\",\"url\":\"https:\/\/www.webspararestaurantes.com\/\",\"name\":\"Webs para restaurantes | By Netplan\",\"description\":\"La web que necesitas para tu restaurante\",\"publisher\":{\"@id\":\"https:\/\/www.webspararestaurantes.com\/#organization\"},\"potentialAction\":[{\"@type\":\"SearchAction\",\"target\":{\"@type\":\"EntryPoint\",\"urlTemplate\":\"https:\/\/www.webspararestaurantes.com\/?s={search_term_string}\"},\"query-input\":{\"@type\":\"PropertyValueSpecification\",\"valueRequired\":true,\"valueName\":\"search_term_string\"}}],\"inLanguage\":\"en-US\"},{\"@type\":\"Organization\",\"@id\":\"https:\/\/www.webspararestaurantes.com\/#organization\",\"name\":\"Webs para Restaurantes\",\"url\":\"https:\/\/www.webspararestaurantes.com\/\",\"logo\":{\"@type\":\"ImageObject\",\"inLanguage\":\"en-US\",\"@id\":\"https:\/\/www.webspararestaurantes.com\/#\/schema\/logo\/image\/\",\"url\":\"https:\/\/www.webspararestaurantes.com\/wp-content\/uploads\/2019\/05\/logo-fb.jpg\",\"contentUrl\":\"https:\/\/www.webspararestaurantes.com\/wp-content\/uploads\/2019\/05\/logo-fb.jpg\",\"width\":606,\"height\":606,\"caption\":\"Webs para Restaurantes\"},\"image\":{\"@id\":\"https:\/\/www.webspararestaurantes.com\/#\/schema\/logo\/image\/\"},\"sameAs\":[\"https:\/\/www.facebook.com\/Webs-para-Restaurantes-626623904428507\/\"]}]}<\/script>\n<!-- \/ Yoast SEO plugin. -->","yoast_head_json":{"title":"Aviso legal - Webs para restaurantes | By Netplan","robots":{"index":"index","follow":"follow","max-snippet":"max-snippet:-1","max-image-preview":"max-image-preview:large","max-video-preview":"max-video-preview:-1"},"canonical":"https:\/\/www.webspararestaurantes.com\/en\/aviso-legal\/","og_locale":"en_US","og_type":"article","og_title":"Aviso legal - Webs para restaurantes | By Netplan","og_url":"https:\/\/www.webspararestaurantes.com\/en\/aviso-legal\/","og_site_name":"Webs para restaurantes | By Netplan","article_publisher":"https:\/\/www.facebook.com\/Webs-para-Restaurantes-626623904428507\/","article_modified_time":"2019-04-21T21:22:02+00:00","twitter_card":"summary_large_image","twitter_misc":{"Est. reading time":"8 minutes"},"schema":{"@context":"https:\/\/schema.org","@graph":[{"@type":"WebPage","@id":"https:\/\/www.webspararestaurantes.com\/aviso-legal\/","url":"https:\/\/www.webspararestaurantes.com\/aviso-legal\/","name":"Aviso legal - Webs para restaurantes | By Netplan","isPartOf":{"@id":"https:\/\/www.webspararestaurantes.com\/#website"},"datePublished":"2019-01-13T17:45:04+00:00","dateModified":"2019-04-21T21:22:02+00:00","breadcrumb":{"@id":"https:\/\/www.webspararestaurantes.com\/aviso-legal\/#breadcrumb"},"inLanguage":"en-US","potentialAction":[{"@type":"ReadAction","target":["https:\/\/www.webspararestaurantes.com\/aviso-legal\/"]}]},{"@type":"BreadcrumbList","@id":"https:\/\/www.webspararestaurantes.com\/aviso-legal\/#breadcrumb","itemListElement":[{"@type":"ListItem","position":1,"name":"Portada","item":"https:\/\/www.webspararestaurantes.com\/"},{"@type":"ListItem","position":2,"name":"Aviso legal"}]},{"@type":"WebSite","@id":"https:\/\/www.webspararestaurantes.com\/#website","url":"https:\/\/www.webspararestaurantes.com\/","name":"Webs para restaurantes | By Netplan","description":"La web que necesitas para tu restaurante","publisher":{"@id":"https:\/\/www.webspararestaurantes.com\/#organization"},"potentialAction":[{"@type":"SearchAction","target":{"@type":"EntryPoint","urlTemplate":"https:\/\/www.webspararestaurantes.com\/?s={search_term_string}"},"query-input":{"@type":"PropertyValueSpecification","valueRequired":true,"valueName":"search_term_string"}}],"inLanguage":"en-US"},{"@type":"Organization","@id":"https:\/\/www.webspararestaurantes.com\/#organization","name":"Webs para Restaurantes","url":"https:\/\/www.webspararestaurantes.com\/","logo":{"@type":"ImageObject","inLanguage":"en-US","@id":"https:\/\/www.webspararestaurantes.com\/#\/schema\/logo\/image\/","url":"https:\/\/www.webspararestaurantes.com\/wp-content\/uploads\/2019\/05\/logo-fb.jpg","contentUrl":"https:\/\/www.webspararestaurantes.com\/wp-content\/uploads\/2019\/05\/logo-fb.jpg","width":606,"height":606,"caption":"Webs para Restaurantes"},"image":{"@id":"https:\/\/www.webspararestaurantes.com\/#\/schema\/logo\/image\/"},"sameAs":["https:\/\/www.facebook.com\/Webs-para-Restaurantes-626623904428507\/"]}]}},"_links":{"self":[{"href":"https:\/\/www.webspararestaurantes.com\/en\/wp-json\/wp\/v2\/pages\/3309","targetHints":{"allow":["GET"]}}],"collection":[{"href":"https:\/\/www.webspararestaurantes.com\/en\/wp-json\/wp\/v2\/pages"}],"about":[{"href":"https:\/\/www.webspararestaurantes.com\/en\/wp-json\/wp\/v2\/types\/page"}],"author":[{"embeddable":true,"href":"https:\/\/www.webspararestaurantes.com\/en\/wp-json\/wp\/v2\/users\/1"}],"replies":[{"embeddable":true,"href":"https:\/\/www.webspararestaurantes.com\/en\/wp-json\/wp\/v2\/comments?post=3309"}],"version-history":[{"count":23,"href":"https:\/\/www.webspararestaurantes.com\/en\/wp-json\/wp\/v2\/pages\/3309\/revisions"}],"predecessor-version":[{"id":3911,"href":"https:\/\/www.webspararestaurantes.com\/en\/wp-json\/wp\/v2\/pages\/3309\/revisions\/3911"}],"wp:attachment":[{"href":"https:\/\/www.webspararestaurantes.com\/en\/wp-json\/wp\/v2\/media?parent=3309"}],"curies":[{"name":"wp","href":"https:\/\/api.w.org\/{rel}","templated":true}]}}